{"id":35,"date":"2026-05-10T01:53:25","date_gmt":"2026-05-09T22:53:25","guid":{"rendered":"http:\/\/www.bursadazaman.com\/?page_id=35"},"modified":"2026-05-10T01:59:58","modified_gmt":"2026-05-09T22:59:58","slug":"bursa","status":"publish","type":"page","link":"http:\/\/www.bursadazaman.com\/index.php\/bursa\/","title":{"rendered":"Bursa"},"content":{"rendered":"\n<figure class=\"wp-block-image\"><img decoding=\"async\" src=\"https:\/\/www.uludag16.com\/wp-content\/uploads\/2026\/04\/684f1a92d1551.webp\" alt=\"\"\/><\/figure>\n\n\n\n<p>\u0130\u00e7indekiler<a href=\"https:\/\/istanbul.com\/tr\/blog\/things-to-do-in-bursa#\"><\/a><\/p>\n\n\n\n<ul class=\"wp-block-list\">\n<li>\u00dcnl\u00fc Teleferik ile Uluda\u011f\u2019a \u00e7\u0131k\u0131n<\/li>\n\n\n\n<li>Cumal\u0131k\u0131z\u0131k K\u00f6y\u00fc\u2019n\u00fc ziyaret edin<\/li>\n\n\n\n<li>\u00c7ar\u015f\u0131 B\u00f6lgesinde Biraz Vakit Ge\u00e7irin<\/li>\n\n\n\n<li>Unesco Miras Alanlar\u0131n\u0131 Ziyaret Edin<\/li>\n\n\n\n<li>Spa ve Hamamlar<\/li>\n\n\n\n<li>G\u00fczel Do\u011fan\u0131n Keyfini \u00c7\u0131kar\u0131n<\/li>\n\n\n\n<li>Yemek<\/li>\n\n\n\n<li>Baz\u0131 Hat\u0131ra E\u015fyalar\u0131 Sat\u0131n Al\u0131n<\/li>\n<\/ul>\n\n\n\n<h2 class=\"wp-block-heading\"><strong>\u00dcnl\u00fc Teleferik ile Uluda\u011f\u2019a \u00e7\u0131k\u0131n<\/strong><\/h2>\n\n\n\n<figure class=\"wp-block-image\"><img decoding=\"async\" src=\"https:\/\/istanbul.com\/blog\/wp-content\/uploads\/2025\/08\/bursa-teleferik-2.webp\" alt=\"bursa-teleferik-2 Bursa\" title=\"\"\/><\/figure>\n\n\n\n<p>Bursa\u2019y\u0131 y\u0131l\u0131n hangi zaman\u0131nda ziyaret ederseniz edin, en iyi deneyimlerden birine sahip olacaks\u0131n\u0131z.<strong>&nbsp;Uluda\u011f<\/strong>\u00c7\u00fcnk\u00fc Uluda\u011f k\u0131\u015f\u0131n karl\u0131 bir yer, yaz\u0131n ise havas\u0131 serinleyerek yaz g\u00fcne\u015finin s\u0131ca\u011f\u0131n\u0131 k\u0131r\u0131yor. kullan<strong>&nbsp;Teleferik (Teleferik)&nbsp;<\/strong>da\u011fa \u00e7\u0131k\u0131p arkada\u015flar\u0131n\u0131zla kayak yaparak biraz zaman ge\u00e7irmek ya da yaz mevsiminde y\u00fcr\u00fcy\u00fc\u015f ve piknik yapman\u0131n tad\u0131n\u0131 \u00e7\u0131karmak ve g\u00fcn\u00fcn sonunda \u00fcnl\u00fc da\u011fa daha da \u00e7\u0131kmak<strong>&nbsp;Palab\u0131y\u0131k Restoran<\/strong>&nbsp;ve masan\u0131z\u0131n yan\u0131nda kendi etinizi \u0131zgarada pi\u015firin.<\/p>\n\n\n\n<h2 class=\"wp-block-heading\"><strong>Cumal\u0131k\u0131z\u0131k K\u00f6y\u00fc\u2019n\u00fc ziyaret edin<\/strong><\/h2>\n\n\n\n<figure class=\"wp-block-image\"><img decoding=\"async\" src=\"https:\/\/istanbul.com\/blog\/wp-content\/uploads\/2025\/08\/bursa-cumalikizik-2.webp\" alt=\"bursa-cumalikizik-2 Bursa\" title=\"\"\/><\/figure>\n\n\n\n<p><strong>Cumal\u0131k\u0131z\u0131k K\u00f6y\u00fc<\/strong>&nbsp;\u015fehrin hemen d\u0131\u015f\u0131nda yer alan k\u00fc\u00e7\u00fck bir k\u00f6yd\u00fcr, arnavut kald\u0131r\u0131ml\u0131 sokaklar\u0131 ve nefis kahvalt\u0131s\u0131yla \u00fcnl\u00fcd\u00fcr. Berrak ve temiz havas\u0131 nedeniyle bu k\u00f6y\u00fcn sokaklar\u0131nda y\u00fcr\u00fcmek sizi rahatlatacak ve sakinle\u015ftirecektir. Sadece denemek i\u00e7in oraya erken gitti\u011finizden emin olun.<strong>&nbsp;en lezzetli kahvalt\u0131&nbsp;<\/strong>%100 do\u011fal elementlerden ve taze sebzelerden yap\u0131lm\u0131\u015ft\u0131r.<\/p>\n\n\n\n<h2 class=\"wp-block-heading\"><strong>\u00c7ar\u015f\u0131 B\u00f6lgesinde Biraz Vakit Ge\u00e7irin<\/strong><\/h2>\n\n\n\n<figure class=\"wp-block-image\"><img decoding=\"async\" src=\"https:\/\/istanbul.com\/blog\/wp-content\/uploads\/2025\/08\/bursa-bazaar-2.webp\" alt=\"bursa-bazaar-2 Bursa\" title=\"\"\/><\/figure>\n\n\n\n<p>Kalbinde&nbsp;<strong>Bursa \u015fehri<\/strong>, \u015fehrin merkezinde insanlar\u0131n \u00c7ar\u015f\u0131 dedi\u011fi g\u00f6steri\u015fli yeri. Eski k\u00fc\u00e7\u00fck \u00e7ay evlerinden birinde \u00e7ay i\u00e7mek, birlikte y\u00fcr\u00fcyen ve al\u0131\u015fveri\u015f yapan insanlar\u0131 izlemek, belki birka\u00e7 foto\u011fraf \u00e7ekip \u00fcnl\u00fcleri yemek i\u00e7in m\u00fckemmel bir yer.&nbsp;<strong>\u0130skender kebap<\/strong>&nbsp;Bursa \u015fehrinin en me\u015fhur yeme\u011fidir. Ulu Cami\u2019yi buldu\u011funuzda hemen arkas\u0131na ge\u00e7ip gizli \u00c7ukur Han\u2019da \u00e7ay i\u00e7ebilirsiniz.<\/p>\n\n\n\n<h2 class=\"wp-block-heading\"><strong>Unesco Miras Alanlar\u0131n\u0131 Ziyaret Edin<\/strong><\/h2>\n\n\n\n<figure class=\"wp-block-image\"><img decoding=\"async\" src=\"https:\/\/istanbul.com\/blog\/wp-content\/uploads\/2025\/08\/bursa-unesco-2.webp\" alt=\"bursa-unesco-2 Bursa\" title=\"\"\/><\/figure>\n\n\n\n<p>Bursa \u015fehri bunlardan birine sahiptir.&nbsp;<strong>UNESCO D\u00fcnya Miras\u0131<\/strong>&nbsp;\u015eehir i\u00e7i ve \u015fehir d\u0131\u015f\u0131na yay\u0131lan sekiz mekandan olu\u015fan ve ge\u00e7mi\u015fi 13. ve 14. y\u00fczy\u0131llara kadar uzanan mekanlar. \u00c7ar\u015f\u0131ya biti\u015fik ve entegre olan, Osman ve Orhan Gazi\u2019nin t\u00fcrbeleri ile antik dini ve sosyal kompleksin yer ald\u0131\u011f\u0131 \u00e7ok \u00f6zel bir mekand\u0131r.<\/p>\n\n\n\n<p>Di\u011fer yerler \u015fehrin geneline da\u011f\u0131lm\u0131\u015f durumda ama her birinin kendine has bir \u00f6zelli\u011fi var.&nbsp;<strong>farkl\u0131 g\u00fczel \u015fey<\/strong>.<\/p>\n\n\n\n<h2 class=\"wp-block-heading\"><strong>Spa ve Hamamlar<\/strong><\/h2>\n\n\n\n<figure class=\"wp-block-image\"><img decoding=\"async\" src=\"https:\/\/istanbul.com\/blog\/wp-content\/uploads\/2025\/08\/bursa-hamam-spa-2.webp\" alt=\"bursa-hamam-spa-2 Bursa\" title=\"\"\/><\/figure>\n\n\n\n<p>nedeniyle&nbsp;<strong>volkanik do\u011fa<\/strong>Bursa \u015fehri, y\u00fczy\u0131llar boyunca masaj yapt\u0131r\u0131l\u0131p sa\u011fl\u0131kl\u0131 suyun keyfini \u00e7\u0131karabilece\u011finiz halk hamamlar\u0131 olarak kullan\u0131lan \u00e7ok say\u0131da kaynak s\u0131cak \u015fifal\u0131 suya sahiptir ve \u015fehir bug\u00fcne kadar ayn\u0131 fikri sunmaktad\u0131r.&nbsp;<strong>kapl\u0131calar ve hamamlar<\/strong>&nbsp;Sa\u011fl\u0131kl\u0131 su kullanarak m\u00fckemmel T\u00fcrk Hamam\u0131\u2019n\u0131n keyfini kesinlikle \u00e7\u0131karabilece\u011finiz yer.<\/p>\n\n\n\n<h2 class=\"wp-block-heading\"><strong>G\u00fczel Do\u011fan\u0131n Keyfini \u00c7\u0131kar\u0131n<\/strong><\/h2>\n\n\n\n<figure class=\"wp-block-image\"><img decoding=\"async\" src=\"https:\/\/istanbul.com\/blog\/wp-content\/uploads\/2025\/08\/bursa-nature-waterfall-suuctu-2.webp\" alt=\"bursa-nature-waterfall-suuctu-2 Bursa\" title=\"\"\/><\/figure>\n\n\n\n<p>Bursa \u015fehri \u00fcnl\u00fcd\u00fcr&nbsp;<strong>g\u00fczel do\u011fa ve temiz hava<\/strong>. A\u011fa\u00e7lar ve \u015felaleler aras\u0131nda \u00e7ok vakit ge\u00e7irebilirsiniz \u00e7\u00fcnk\u00fc bunlar \u015fehrin her yerinde veya \u00e7evresinde bulunmaktad\u0131r. Bursa\u2019n\u0131n en nefes kesen yerlerinden biri olan Saitabat \u015felalesi, Oylat ma\u011faras\u0131na gidebilirsiniz,&nbsp;<strong>Uluabat G\u00f6l\u00fc,<\/strong>&nbsp;ya da sadece birka\u00e7 g\u00fcn\u00fcn\u00fcz\u00fc Bursa \u015fehrinin ormanlar\u0131ndan birinde kamp yaparak ge\u00e7irin.<\/p>\n\n\n\n<p>E\u011fer vaktinizi kamp yaparak ge\u00e7irmek istemiyorsan\u0131z \u015fehrin yak\u0131n\u0131ndaki k\u00f6ylerden birinde ge\u00e7irebilirsiniz.<strong>&nbsp;Misi, \u0130nkaya veya Tirilye&nbsp;<\/strong>Havas\u0131 temiz, yemekleri her zaman taze ve sa\u011fl\u0131kl\u0131, insanlar\u0131 ger\u00e7ekten dost canl\u0131s\u0131 bir k\u00f6y.<\/p>\n\n\n\n<h2 class=\"wp-block-heading\"><strong>Yemek<\/strong><\/h2>\n\n\n\n<figure class=\"wp-block-image\"><img decoding=\"async\" src=\"https:\/\/istanbul.com\/blog\/wp-content\/uploads\/2025\/08\/bursa-iskender-2.webp\" alt=\"bursa-iskender-2 Bursa\" title=\"\"\/><\/figure>\n\n\n\n<p>Bursa \u015fehri de t\u0131pk\u0131 \u0130stanbul \u015fehri gibi \u00e7e\u015fit \u00e7e\u015fit yemeklerle doludur ancak \u015fehrin en me\u015fhur yeme\u011finin ad\u0131d\u0131r.<strong>&nbsp;\u0130skender kebap.<\/strong>&nbsp;Taze ekmek \u00fczerine \u0131zgara et dilimleri ve \u00fczerine yo\u011furt konularak yap\u0131l\u0131r. Farkl\u0131 ama ger\u00e7ekten lezzetli ve<strong>&nbsp;\u015fehirde \u00e7ok \u00fcnl\u00fc,<\/strong>&nbsp;Neredeyse t\u00fcm restoranlar bu yeme\u011fi sunuyor.<\/p>\n\n\n\n<p>Ama e\u011fer bal\u0131k yemeyi daha \u00e7ok seviyorsan\u0131z, taze bal\u0131k yemeye gidin.&nbsp;<strong>Arap \u015e\u00fckr\u00fc Restaurant<\/strong>. Bursa \u015fehrinin deniz \u00fcr\u00fcnleri konusunda en \u00fcnl\u00fc restoran\u0131d\u0131r.<\/p>\n\n\n\n<h2 class=\"wp-block-heading\"><strong>Baz\u0131 Hat\u0131ra E\u015fyalar\u0131 Sat\u0131n Al\u0131n<\/strong><\/h2>\n\n\n\n<figure class=\"wp-block-image\"><img decoding=\"async\" src=\"https:\/\/istanbul.com\/blog\/wp-content\/uploads\/2025\/08\/bursa-souvenir-hediyelik-tespih-2.webp\" alt=\"bursa-souvenir-hediyelik-tespih-2 Bursa\" title=\"\"\/><\/figure>\n\n\n\n<p>\u00c7ok \u015fey bulabilirsin&nbsp;<strong>el yap\u0131m\u0131 seramik<\/strong>&nbsp;Bursa \u015fehrinde tabak ve vazolar var ve \u00e7ok da pahal\u0131 de\u011filler; Orada ge\u00e7irdi\u011finiz e\u011flenceli zaman\u0131 hat\u0131rlamak i\u00e7in bir tane sat\u0131n alabilirsiniz.<\/p>\n\n\n\n<p>istanbul.com<\/p>\n","protected":false},"excerpt":{"rendered":"<p>\u0130\u00e7indekiler \u00dcnl\u00fc Teleferik ile Uluda\u011f\u2019a \u00e7\u0131k\u0131n Bursa\u2019y\u0131 y\u0131l\u0131n hangi zaman\u0131nda ziyaret ederseniz edin, en iyi deneyimlerden birine sahip olacaks\u0131n\u0131z.&nbsp;Uluda\u011f\u00c7\u00fcnk\u00fc Uluda\u011f k\u0131\u015f\u0131n karl\u0131 bir yer, yaz\u0131n ise havas\u0131 serinleyerek yaz g\u00fcne\u015finin s\u0131ca\u011f\u0131n\u0131 k\u0131r\u0131yor. kullan&nbsp;Teleferik (Teleferik)&nbsp;da\u011fa \u00e7\u0131k\u0131p arkada\u015flar\u0131n\u0131zla kayak yaparak biraz zaman ge\u00e7irmek ya da yaz mevsiminde y\u00fcr\u00fcy\u00fc\u015f ve piknik yapman\u0131n tad\u0131n\u0131 \u00e7\u0131karmak ve g\u00fcn\u00fcn sonunda \u00fcnl\u00fc [&hellip;]<\/p>\n","protected":false},"author":1,"featured_media":0,"parent":0,"menu_order":0,"comment_status":"closed","ping_status":"closed","template":"","meta":{"footnotes":""},"class_list":["post-35","page","type-page","status-publish","hentry"],"_links":{"self":[{"href":"http:\/\/www.bursadazaman.com\/index.php\/wp-json\/wp\/v2\/pages\/35","targetHints":{"allow":["GET"]}}],"collection":[{"href":"http:\/\/www.bursadazaman.com\/index.php\/wp-json\/wp\/v2\/pages"}],"about":[{"href":"http:\/\/www.bursadazaman.com\/index.php\/wp-json\/wp\/v2\/types\/page"}],"author":[{"embeddable":true,"href":"http:\/\/www.bursadazaman.com\/index.php\/wp-json\/wp\/v2\/users\/1"}],"replies":[{"embeddable":true,"href":"http:\/\/www.bursadazaman.com\/index.php\/wp-json\/wp\/v2\/comments?post=35"}],"version-history":[{"count":2,"href":"http:\/\/www.bursadazaman.com\/index.php\/wp-json\/wp\/v2\/pages\/35\/revisions"}],"predecessor-version":[{"id":46,"href":"http:\/\/www.bursadazaman.com\/index.php\/wp-json\/wp\/v2\/pages\/35\/revisions\/46"}],"wp:attachment":[{"href":"http:\/\/www.bursadazaman.com\/index.php\/wp-json\/wp\/v2\/media?parent=35"}],"curies":[{"name":"wp","href":"https:\/\/api.w.org\/{rel}","templated":true}]}}